{"id":2858,"date":"2025-02-26T17:00:14","date_gmt":"2025-02-26T16:00:14","guid":{"rendered":"https:\/\/culturaladina.it\/contributi-e-finanziamenti\/"},"modified":"2026-01-29T10:08:29","modified_gmt":"2026-01-29T09:08:29","slug":"contributi-e-finanziamenti","status":"publish","type":"page","link":"https:\/\/culturaladina.it\/it\/contributi-e-finanziamenti\/","title":{"rendered":"Contributi e finanziamenti"},"content":{"rendered":"<p>[et_pb_section fb_built=&#8221;1&#8243; admin_label=&#8221;Explore Story Section&#8221; _builder_version=&#8221;4.16&#8243; custom_padding=&#8221;1px||110px|||&#8221; global_colors_info=&#8221;{}&#8221;][et_pb_row use_custom_gutter=&#8221;on&#8221; gutter_width=&#8221;1&#8243; make_equal=&#8221;on&#8221; admin_label=&#8221;Text Area&#8221; _builder_version=&#8221;4.27.2&#8243; width=&#8221;100%&#8221; width_tablet=&#8221;100%&#8221; width_phone=&#8221;90%&#8221; width_last_edited=&#8221;on|phone&#8221; custom_padding=&#8221;0px||0px|||&#8221; use_custom_width=&#8221;on&#8221; custom_width_px=&#8221;700px&#8221; global_colors_info=&#8221;{}&#8221;][et_pb_column type=&#8221;4_4&#8243; _builder_version=&#8221;4.16&#8243; custom_padding=&#8221;|||&#8221; global_colors_info=&#8221;{}&#8221; custom_padding__hover=&#8221;|||&#8221;][et_pb_text admin_label=&#8221;Title&#8221; _builder_version=&#8221;4.27.2&#8243; text_font=&#8221;||||||||&#8221; text_font_size=&#8221;15px&#8221; text_line_height=&#8221;1.8em&#8221; width=&#8221;65%&#8221; module_alignment=&#8221;center&#8221; custom_margin=&#8221;||25px|||&#8221; custom_margin_tablet=&#8221;||43px|||&#8221; custom_margin_phone=&#8221;0px||0px||false|false&#8221; custom_margin_last_edited=&#8221;on|phone&#8221; custom_padding=&#8221;121px|100px||100px|false|true&#8221; custom_padding_tablet=&#8221;|100px||100px|false|true&#8221; custom_padding_phone=&#8221;20px|10px||10px|false|true&#8221; custom_padding_last_edited=&#8221;on|phone&#8221; animation_style=&#8221;fold&#8221; animation_direction=&#8221;bottom&#8221; animation_intensity_fold=&#8221;20%&#8221; animation_starting_opacity=&#8221;100%&#8221; global_colors_info=&#8221;{}&#8221;]<\/p>\n<p>Il Comun General de Fascia eroga contributi per progetti e iniziative per la lingua e la cultura ladina, per l&#8217;attivit\u00e0 ordinaria delle associazioni culturali e ricreative e per i progetti &#8220;Per ladin am\u00f2 pi\u00f9 bel&#8221; e &#8220;L ladin tel sport&#8221;.<\/p>\n<p>[\/et_pb_text][\/et_pb_column][\/et_pb_row][et_pb_row admin_label=&#8221;Categories&#8221; _builder_version=&#8221;4.23.4&#8243; max_width=&#8221;1440px&#8221; custom_padding=&#8221;20px|||&#8221; use_custom_width=&#8221;on&#8221; custom_width_px=&#8221;1440px&#8221; locked=&#8221;off&#8221; global_colors_info=&#8221;{}&#8221;][et_pb_column type=&#8221;4_4&#8243; _builder_version=&#8221;4.16&#8243; custom_padding=&#8221;|||&#8221; global_colors_info=&#8221;{}&#8221; custom_padding__hover=&#8221;|||&#8221;][et_pb_blog fullwidth=&#8221;off&#8221; include_categories=&#8221;18&#8243; show_more=&#8221;on&#8221; show_author=&#8221;off&#8221; show_date=&#8221;off&#8221; show_categories=&#8221;off&#8221; _builder_version=&#8221;4.27.5&#8243; _module_preset=&#8221;default&#8221; header_font=&#8221;Nunito||||||||&#8221; read_more_font=&#8221;|||on|on||||&#8221; read_more_text_color=&#8221;#4674AA&#8221; border_width_all=&#8221;0px&#8221; box_shadow_style=&#8221;preset2&#8243; global_colors_info=&#8221;{}&#8221;][\/et_pb_blog][\/et_pb_column][\/et_pb_row][\/et_pb_section]<\/p>\n","protected":false},"excerpt":{"rendered":"<p>Il Comun General de Fascia eroga contributi per progetti e iniziative per la lingua e la cultura ladina, per l&#8217;attivit\u00e0 ordinaria delle associazioni culturali e ricreative e per i progetti &#8220;Per ladin am\u00f2 pi\u00f9 bel&#8221; e &#8220;L ladin tel sport&#8221;.<\/p>\n","protected":false},"author":1,"featured_media":0,"parent":0,"menu_order":0,"comment_status":"closed","ping_status":"closed","template":"","meta":{"_et_pb_use_builder":"on","_et_pb_old_content":"","_et_gb_content_width":"","footnotes":""},"class_list":["post-2858","page","type-page","status-publish","hentry"],"_links":{"self":[{"href":"https:\/\/culturaladina.it\/it\/wp-json\/wp\/v2\/pages\/2858","targetHints":{"allow":["GET"]}}],"collection":[{"href":"https:\/\/culturaladina.it\/it\/wp-json\/wp\/v2\/pages"}],"about":[{"href":"https:\/\/culturaladina.it\/it\/wp-json\/wp\/v2\/types\/page"}],"author":[{"embeddable":true,"href":"https:\/\/culturaladina.it\/it\/wp-json\/wp\/v2\/users\/1"}],"replies":[{"embeddable":true,"href":"https:\/\/culturaladina.it\/it\/wp-json\/wp\/v2\/comments?post=2858"}],"version-history":[{"count":7,"href":"https:\/\/culturaladina.it\/it\/wp-json\/wp\/v2\/pages\/2858\/revisions"}],"predecessor-version":[{"id":2867,"href":"https:\/\/culturaladina.it\/it\/wp-json\/wp\/v2\/pages\/2858\/revisions\/2867"}],"wp:attachment":[{"href":"https:\/\/culturaladina.it\/it\/wp-json\/wp\/v2\/media?parent=2858"}],"curies":[{"name":"wp","href":"https:\/\/api.w.org\/{rel}","templated":true}]}}